{"id":3029,"date":"2025-06-16T00:29:12","date_gmt":"2025-06-16T00:29:12","guid":{"rendered":"https:\/\/altal.ro\/?post_type=product&#038;p=3029"},"modified":"2025-07-23T02:01:51","modified_gmt":"2025-07-22T23:01:51","slug":"vibration-isolator-for-compressor-5-8","status":"publish","type":"product","link":"https:\/\/altal.ro\/en\/vibration-isolator-for-compressor-5-8\/","title":{"rendered":"Vibration isolator for 5\/8\u2033 compressor \u2013 vibration and noise reduction"},"content":{"rendered":"<div id=\"ez-toc-container\" class=\"ez-toc-v2_0_82_2 counter-hierarchy ez-toc-counter ez-toc-grey ez-toc-container-direction\">\n<div class=\"ez-toc-title-container\">\n<p class=\"ez-toc-title\" style=\"cursor:inherit\">content<\/p>\n<span class=\"ez-toc-title-toggle\"><a href=\"#\" class=\"ez-toc-pull-right ez-toc-btn ez-toc-btn-xs ez-toc-btn-default ez-toc-toggle\" aria-label=\"Toggle Table of Content\"><span class=\"ez-toc-js-icon-con\"><span class=\"\"><span class=\"eztoc-hide\" style=\"display:none;\">Toggle<\/span><span class=\"ez-toc-icon-toggle-span\"><svg style=\"fill: #999;color:#999\" xmlns=\"http:\/\/www.w3.org\/2000\/svg\" class=\"list-377408\" width=\"20px\" height=\"20px\" viewbox=\"0 0 24 24\" fill=\"none\"><path d=\"M6 6H4v2h2V6zm14 0H8v2h12V6zM4 11h2v2H4v-2zm16 0H8v2h12v-2zM4 16h2v2H4v-2zm16 0H8v2h12v-2z\" fill=\"currentColor\"><\/path><\/svg><svg style=\"fill: #999;color:#999\" class=\"arrow-unsorted-368013\" xmlns=\"http:\/\/www.w3.org\/2000\/svg\" width=\"10px\" height=\"10px\" viewbox=\"0 0 24 24\" version=\"1.2\" baseprofile=\"tiny\"><path d=\"M18.2 9.3l-6.2-6.3-6.2 6.3c-.2.2-.3.4-.3.7s.1.5.3.7c.2.2.4.3.7.3h11c.3 0 .5-.1.7-.3.2-.2.3-.5.3-.7s-.1-.5-.3-.7zM5.8 14.7l6.2 6.3 6.2-6.3c.2-.2.3-.5.3-.7s-.1-.5-.3-.7c-.2-.2-.4-.3-.7-.3h-11c-.3 0-.5.1-.7.3-.2.2-.3.5-.3.7s.1.5.3.7z\"\/><\/svg><\/span><\/span><\/span><\/a><\/span><\/div>\n<nav><ul class='ez-toc-list ez-toc-list-level-1' ><li class='ez-toc-page-1 ez-toc-heading-level-2'><a class=\"ez-toc-link ez-toc-heading-1\" href=\"https:\/\/altal.ro\/en\/vibration-isolator-for-compressor-5-8\/#Vibroizolator_pentru_compresor_58%E2%80%B3\">Vibration isolator for compressor 5\/8\u2033<\/a><ul class='ez-toc-list-level-3' ><li class='ez-toc-heading-level-3'><a class=\"ez-toc-link ez-toc-heading-2\" href=\"https:\/\/altal.ro\/en\/vibration-isolator-for-compressor-5-8\/#Cum_functioneaza_vibroizolatorul_pentru_compresor\">How does the compressor vibration isolator work?<\/a><\/li><li class='ez-toc-page-1 ez-toc-heading-level-3'><a class=\"ez-toc-link ez-toc-heading-3\" href=\"https:\/\/altal.ro\/en\/vibration-isolator-for-compressor-5-8\/#Vibroizolator_pentru_compresor_58_Beneficii\">Vibroizolator pentru compresor 5\/8. Beneficii<\/a><\/li><li class='ez-toc-page-1 ez-toc-heading-level-3'><a class=\"ez-toc-link ez-toc-heading-4\" href=\"https:\/\/altal.ro\/en\/vibration-isolator-for-compressor-5-8\/#Constructia_amortizorului_vibratii_58%E2%80%B3_pentru_compresor\">Construction of the 5\/8\u2033 compressor vibration damper<\/a><\/li><li class='ez-toc-page-1 ez-toc-heading-level-3'><a class=\"ez-toc-link ez-toc-heading-5\" href=\"https:\/\/altal.ro\/en\/vibration-isolator-for-compressor-5-8\/#Utilizarea_vibroizolatorului_pentru_compresor_58%E2%80%B3\">Using the 5\/8\u2033 compressor vibration isolator<\/a><\/li><li class='ez-toc-page-1 ez-toc-heading-level-3'><a class=\"ez-toc-link ez-toc-heading-6\" href=\"https:\/\/altal.ro\/en\/vibration-isolator-for-compressor-5-8\/#Instructiuni_de_instalare_pentru_vibroizolatorul_de_compresor_58%E2%80%B3\">Installation instructions for the 5\/8\u2033 compressor vibration isolator<\/a><\/li><li class='ez-toc-page-1 ez-toc-heading-level-3'><a class=\"ez-toc-link ez-toc-heading-7\" href=\"https:\/\/altal.ro\/en\/vibration-isolator-for-compressor-5-8\/#Concluzie\">Conclusion<\/a><\/li><\/ul><\/li><\/ul><\/nav><\/div>\n\n<h2><span class=\"ez-toc-section\" id=\"Vibroizolator_pentru_compresor_58%E2%80%B3\"><\/span>Vibration isolator for compressor 5\/8\u2033<span class=\"ez-toc-section-end\"><\/span><\/h2>\n<p><a href=\"https:\/\/en.wikipedia.org\/wiki\/Vibration\" target=\"_blank\" rel=\"noopener\">Vibration isolator for compressor 5\/8\u2033 <\/a>\u00a0is an essential element in systems <a href=\"https:\/\/altalheat.com\/\" target=\"_blank\" rel=\"noopener\">heat pumps<\/a>, as well as in air conditioning and refrigeration systems. This effective device reduces vibrations transmitted through pipes, preventing damage to the system and reducing noise levels. Ideal for industrial and domestic applications, the vibration isolator is used in air conditioning, refrigerators, <a href=\"https:\/\/altal.ro\/en\/heat-pump-altal\/\">heat pumps<\/a> and other HVAC equipment.<\/p>\n<h3><span class=\"ez-toc-section\" id=\"Cum_functioneaza_vibroizolatorul_pentru_compresor\"><\/span><strong>How does the compressor vibration isolator work?<\/strong><span class=\"ez-toc-section-end\"><\/span><\/h3>\n<p><a href=\"https:\/\/altal.ro\/en\/spare-parts\/\" target=\"_blank\" rel=\"noopener\">Vibroizolator pentru compresor 5\/8<\/a>\u00a0se monteaz\u0103 pe liniile de aspira\u021bie \u0219i de refulare ale agentului frigorific pentru a minimiza vibra\u021biile generate de compresor. Aceste vibra\u021bii pot fi transmise prin conducte, cresc\u00e2nd zgomotul \u0219i riscul de avarie a conexiunilor \u0219i componentelor. Vibroizolatorul absoarbe \u0219i disip\u0103 aceste vibra\u021bii, \u00eembun\u0103t\u0103\u021bind performan\u021ba sistemului \u0219i prelungind durata de via\u021b\u0103 a acestuia. Este format dintr-un furtun flexibil \u0219i corrugat, care optimizeaz\u0103 absorb\u021bia vibra\u021biilor. \u00cen plus, este \u00eent\u0103rit cu fire de o\u021bel inoxidabil, asigur\u00e2nd durabilitate \u0219i rezisten\u021b\u0103 la factorii externi. Furtunurile \u0219i elementele de fixare sunt consolidate cu fitinguri din alam\u0103 sau cupru, pentru conexiuni sigure \u0219i etan\u0219e.<\/p>\n<h3><span class=\"ez-toc-section\" id=\"Vibroizolator_pentru_compresor_58_Beneficii\"><\/span><strong>Vibroizolator pentru compresor 5\/8. Beneficii<\/strong><span class=\"ez-toc-section-end\"><\/span><\/h3>\n<ol>\n<li><strong>Vibration reduction<\/strong> \u2013 the main role of the vibration isolator is to absorb vibrations generated by the operation of the compressor, preventing damage to the pipes and reducing noise. The device ensures quiet and reliable operation.<\/li>\n<li><strong>Noise reduction<\/strong> \u2013 contributes to a more comfortable working environment, especially in large cooling or air conditioning systems.<\/li>\n<li><strong>Extended durability<\/strong> \u2013 protects the system against mechanical stress, extending the life of components and preventing refrigerant leaks.<\/li>\n<li><strong>High quality materials<\/strong> \u2013 made of stainless steel and copper, ensuring resistance and flexibility in various conditions of use.<\/li>\n<li><strong>Simple assembly<\/strong> \u2013 installation is easy and does not require special skills, being compatible with most HVAC systems.<\/li>\n<\/ol>\n<h3><span class=\"ez-toc-section\" id=\"Constructia_amortizorului_vibratii_58%E2%80%B3_pentru_compresor\"><\/span><strong>Construction of the 5\/8\u2033 compressor vibration damper<\/strong><span class=\"ez-toc-section-end\"><\/span><\/h3>\n<p>The 5\/8\u2033 compressor vibration isolator includes:<\/p>\n<ul>\n<li><strong>Stainless steel corrugated hose<\/strong> \u2013 ensures flexibility and effective vibration absorption.<\/li>\n<li><strong>Stainless steel reinforcing wire<\/strong> \u2013 provides strength and structural integrity.<\/li>\n<li><strong>Brass or copper fittings<\/strong> \u2013 at the ends, for tight and durable connections.<\/li>\n<li><strong>High temperature welding<\/strong> \u2013 for secure connections, resistant to overheating and wear.<\/li>\n<\/ul>\n<p>Each vibration isolator undergoes strict leak testing, including using leak detection equipment, to guarantee reliability and safety before delivery.<\/p>\n<h3><span class=\"ez-toc-section\" id=\"Utilizarea_vibroizolatorului_pentru_compresor_58%E2%80%B3\"><\/span><strong>Using the 5\/8\u2033 compressor vibration isolator<\/strong><span class=\"ez-toc-section-end\"><\/span><\/h3>\n<p>This device is easily mounted in various systems:<\/p>\n<ol>\n<li><strong>Heat pumps<\/strong> \u2013 reduces vibrations generated by the compressor, improving efficiency and protecting pipes.<\/li>\n<li><strong>Refrigeration systems<\/strong> \u2013 minimizes vibrations, extending the life of equipment and maintaining optimal performance.<\/li>\n<li><strong>Air conditioning<\/strong> \u2013 installed on the refrigerant suction and discharge lines, it helps reduce noise and component wear.<\/li>\n<\/ol>\n<h3><span class=\"ez-toc-section\" id=\"Instructiuni_de_instalare_pentru_vibroizolatorul_de_compresor_58%E2%80%B3\"><\/span><strong>Installation instructions for the 5\/8\u2033 compressor vibration isolator<\/strong><span class=\"ez-toc-section-end\"><\/span><\/h3>\n<p>Installation is simple, but the following recommendations must be followed:<\/p>\n<ul>\n<li>Mounting on the direct line of the pipeline to avoid static or compressive stresses.<\/li>\n<li>Avoid mechanical damage during installation.<\/li>\n<li>Do not mount perpendicular to the compressor&#039;s operating direction.<\/li>\n<li>Observe welding temperature conditions to prevent leaks caused by overheating.<\/li>\n<\/ul>\n<h3><span class=\"ez-toc-section\" id=\"Concluzie\"><\/span><strong>Conclusion<\/strong><span class=\"ez-toc-section-end\"><\/span><\/h3>\n<p>Compressor vibration isolator 5\/8\u2033 is an essential component in HVAC systems, helping to reduce noise and vibration, protecting equipment and extending the life of the system. Correct installation ensures stable and efficient operation, being indispensable in air conditioning, refrigerators and<a href=\"https:\/\/altal.ro\/en\/air-water-mini\/\"> heat pumps<\/a>Investing in this element increases reliability and reduces long-term maintenance costs.<\/p>\n<hr \/>\n<p>\u00a0<\/p>","protected":false},"excerpt":{"rendered":"<p>Vibroizolator pentru compresor 3\/8&#8243; este conceput pentru reducere vibra\u021bii \u0219i zgomot \u00een pompe de c\u0103ldur\u0103, sistemele de aer condi\u021bionat. Fabricat din tub flexibil ondulat, cu arm\u0103tur\u0103 din o\u021bel inoxidabil pentru durabilitate \u0219i fiabilitate sporite.<\/p>","protected":false},"featured_media":2368,"comment_status":"open","ping_status":"closed","template":"","meta":{"_acf_changed":false,"_kad_post_transparent":"default","_kad_post_title":"","_kad_post_layout":"default","_kad_post_sidebar_id":"","_kad_post_content_style":"default","_kad_post_vertical_padding":"default","_kad_post_feature":"","_kad_post_feature_position":"","_kad_post_header":false,"_kad_post_footer":false},"product_brand":[198],"product_cat":[183,280],"product_tag":[328,190,435,434],"class_list":{"0":"post-3029","1":"product","2":"type-product","3":"status-publish","4":"has-post-thumbnail","6":"product_brand-altal","7":"product_cat-catalog","8":"product_cat-piese-de-schimb","9":"product_tag-amortizor-de-vibratii","10":"product_tag-pompa-de-caldura","11":"product_tag-vibratii-si-zgomot","12":"product_tag-vibroizolator","13":"product_shipping_class-greutate-mica","15":"first","16":"instock","17":"sale","18":"taxable","19":"shipping-taxable","20":"purchasable","21":"product-type-simple","22":"entry","23":"content-bg","24":"loop-entry"},"acf":[],"_links":{"self":[{"href":"https:\/\/altal.ro\/en\/wp-json\/wp\/v2\/product\/3029","targetHints":{"allow":["GET"]}}],"collection":[{"href":"https:\/\/altal.ro\/en\/wp-json\/wp\/v2\/product"}],"about":[{"href":"https:\/\/altal.ro\/en\/wp-json\/wp\/v2\/types\/product"}],"replies":[{"embeddable":true,"href":"https:\/\/altal.ro\/en\/wp-json\/wp\/v2\/comments?post=3029"}],"version-history":[{"count":4,"href":"https:\/\/altal.ro\/en\/wp-json\/wp\/v2\/product\/3029\/revisions"}],"predecessor-version":[{"id":7656,"href":"https:\/\/altal.ro\/en\/wp-json\/wp\/v2\/product\/3029\/revisions\/7656"}],"wp:featuredmedia":[{"embeddable":true,"href":"https:\/\/altal.ro\/en\/wp-json\/wp\/v2\/media\/2368"}],"wp:attachment":[{"href":"https:\/\/altal.ro\/en\/wp-json\/wp\/v2\/media?parent=3029"}],"wp:term":[{"taxonomy":"product_brand","embeddable":true,"href":"https:\/\/altal.ro\/en\/wp-json\/wp\/v2\/product_brand?post=3029"},{"taxonomy":"product_cat","embeddable":true,"href":"https:\/\/altal.ro\/en\/wp-json\/wp\/v2\/product_cat?post=3029"},{"taxonomy":"product_tag","embeddable":true,"href":"https:\/\/altal.ro\/en\/wp-json\/wp\/v2\/product_tag?post=3029"}],"curies":[{"name":"wp","href":"https:\/\/api.w.org\/{rel}","templated":true}]}}