{"id":2928,"date":"2025-06-16T00:28:41","date_gmt":"2025-06-16T00:28:41","guid":{"rendered":"https:\/\/altal.ro\/?post_type=product&#038;p=2928"},"modified":"2025-07-23T02:06:31","modified_gmt":"2025-07-22T23:06:31","slug":"contactor-cjx93p40a","status":"publish","type":"product","link":"https:\/\/altal.ro\/en\/contactor-cjx93p40a\/","title":{"rendered":"Contactor CJX93P40A for heat pump compressor"},"content":{"rendered":"<div id=\"ez-toc-container\" class=\"ez-toc-v2_0_82_2 counter-hierarchy ez-toc-counter ez-toc-grey ez-toc-container-direction\">\n<div class=\"ez-toc-title-container\">\n<p class=\"ez-toc-title\" style=\"cursor:inherit\">content<\/p>\n<span class=\"ez-toc-title-toggle\"><a href=\"#\" class=\"ez-toc-pull-right ez-toc-btn ez-toc-btn-xs ez-toc-btn-default ez-toc-toggle\" aria-label=\"Toggle Table of Content\"><span class=\"ez-toc-js-icon-con\"><span class=\"\"><span class=\"eztoc-hide\" style=\"display:none;\">Toggle<\/span><span class=\"ez-toc-icon-toggle-span\"><svg style=\"fill: #999;color:#999\" xmlns=\"http:\/\/www.w3.org\/2000\/svg\" class=\"list-377408\" width=\"20px\" height=\"20px\" viewbox=\"0 0 24 24\" fill=\"none\"><path d=\"M6 6H4v2h2V6zm14 0H8v2h12V6zM4 11h2v2H4v-2zm16 0H8v2h12v-2zM4 16h2v2H4v-2zm16 0H8v2h12v-2z\" fill=\"currentColor\"><\/path><\/svg><svg style=\"fill: #999;color:#999\" class=\"arrow-unsorted-368013\" xmlns=\"http:\/\/www.w3.org\/2000\/svg\" width=\"10px\" height=\"10px\" viewbox=\"0 0 24 24\" version=\"1.2\" baseprofile=\"tiny\"><path d=\"M18.2 9.3l-6.2-6.3-6.2 6.3c-.2.2-.3.4-.3.7s.1.5.3.7c.2.2.4.3.7.3h11c.3 0 .5-.1.7-.3.2-.2.3-.5.3-.7s-.1-.5-.3-.7zM5.8 14.7l6.2 6.3 6.2-6.3c.2-.2.3-.5.3-.7s-.1-.5-.3-.7c-.2-.2-.4-.3-.7-.3h-11c-.3 0-.5.1-.7.3-.2.2-.3.5-.3.7s.1.5.3.7z\"\/><\/svg><\/span><\/span><\/span><\/a><\/span><\/div>\n<nav><ul class='ez-toc-list ez-toc-list-level-1' ><li class='ez-toc-page-1 ez-toc-heading-level-2'><a class=\"ez-toc-link ez-toc-heading-1\" href=\"https:\/\/altal.ro\/en\/contactor-cjx93p40a\/#Contactor_CJX93P40A_pentru_compresor_pompa_de_caldura\">Contactor CJX93P40A for heat pump compressor<\/a><ul class='ez-toc-list-level-4' ><li class='ez-toc-heading-level-4'><ul class='ez-toc-list-level-4' ><li class='ez-toc-heading-level-4'><a class=\"ez-toc-link ez-toc-heading-2\" href=\"https:\/\/altal.ro\/en\/contactor-cjx93p40a\/#Tabel_de_conversie_a_caracteristicilor_nominale\">Nominal characteristics conversion table<\/a><\/li><\/ul><\/li><\/ul><\/li><li class='ez-toc-page-1 ez-toc-heading-level-2'><a class=\"ez-toc-link ez-toc-heading-3\" href=\"https:\/\/altal.ro\/en\/contactor-cjx93p40a\/#Contactor_CJX93P40A_pentru_compresor_Caracteristici_nominale_in_functie_de_sarcina\">CJX93P40A contactor for compressor. Nominal characteristics depending on load<\/a><ul class='ez-toc-list-level-3' ><li class='ez-toc-heading-level-3'><a class=\"ez-toc-link ez-toc-heading-4\" href=\"https:\/\/altal.ro\/en\/contactor-cjx93p40a\/#Categoriile_de_sarcina\">Task categories<\/a><\/li><li class='ez-toc-page-1 ez-toc-heading-level-3'><a class=\"ez-toc-link ez-toc-heading-5\" href=\"https:\/\/altal.ro\/en\/contactor-cjx93p40a\/#Constructia_contactelor_si_a_magnetului\">Contact and magnet construction<\/a><\/li><li class='ez-toc-page-1 ez-toc-heading-level-3'><a class=\"ez-toc-link ez-toc-heading-6\" href=\"https:\/\/altal.ro\/en\/contactor-cjx93p40a\/#Contacte_auxiliare_NC1\">Auxiliary contacts NC1<\/a><\/li><li class='ez-toc-page-1 ez-toc-heading-level-3'><a class=\"ez-toc-link ez-toc-heading-7\" href=\"https:\/\/altal.ro\/en\/contactor-cjx93p40a\/#Seria_de_contactori_CJX9\">CJX9 contactor series<\/a><\/li><li class='ez-toc-page-1 ez-toc-heading-level-3'><a class=\"ez-toc-link ez-toc-heading-8\" href=\"https:\/\/altal.ro\/en\/contactor-cjx93p40a\/#Caracteristici_tehnice\">Technical features<\/a><\/li><\/ul><\/li><\/ul><\/nav><\/div>\n\n<h2><span class=\"ez-toc-section\" id=\"Contactor_CJX93P40A_pentru_compresor_pompa_de_caldura\"><\/span>Contactor CJX93P40A for heat pump compressor<span class=\"ez-toc-section-end\"><\/span><\/h2>\n<p>This CJX93P40A Compressor Contactor is designed for a rated current of <strong>40A<\/strong>. When voltage is applied to the control coil, the contactor switches, closing the main contacts. It is important to note that the voltage in the control circuit must be 230V. This contactor is suitable for starting compressors <a href=\"https:\/\/altal.ro\/en\/heat-pump-altal\/\" target=\"_blank\" rel=\"noopener\">heat pumps<\/a> with fixed speed. It can also be used as a switch for high-power peripheral equipment, such as circulation pumps, electric heaters and other equipment.<\/p>\n<h4><span class=\"ez-toc-section\" id=\"Tabel_de_conversie_a_caracteristicilor_nominale\"><\/span>Nominal characteristics conversion table<span class=\"ez-toc-section-end\"><\/span><\/h4>\n<table style=\"width: 45.5625%\" border=\"1\" width=\"37.9797%\">\n<tbody>\n<tr>\n<td style=\"width: 38.8299%\" width=\"236\"><strong>Working voltage<\/strong><\/td>\n<td style=\"width: 27.5071%;text-align: center\" colspan=\"2\" width=\"198\"><strong>Rated current<\/strong><\/td>\n<td style=\"width: 28.234%;text-align: center\" colspan=\"2\" width=\"217\"><strong>Rated power<\/strong><\/td>\n<\/tr>\n<tr>\n<td style=\"width: 38.8299%\" width=\"236\">Contactor CJX93P40A for compressor<\/td>\n<td style=\"width: 12.7685%;text-align: center\" width=\"66\"><strong>AC3<\/strong><\/td>\n<td style=\"width: 14.7386%;text-align: center\" width=\"132\"><strong>AC4<\/strong><\/td>\n<td style=\"width: 14.3962%;text-align: center\" width=\"104\"><strong>AC3<\/strong><\/td>\n<td style=\"width: 13.8378%;text-align: center\" width=\"113\"><strong>AC4<\/strong><\/td>\n<\/tr>\n<tr>\n<td style=\"width: 38.8299%\" width=\"236\">50Hz, 220\/230V<\/td>\n<td style=\"width: 12.7685%;text-align: center\" width=\"66\">&#8211;<\/td>\n<td style=\"width: 14.7386%;text-align: center\" width=\"132\">&#8211;<\/td>\n<td style=\"width: 14.3962%;text-align: center\" width=\"104\">11 kW<\/td>\n<td style=\"width: 13.8378%;text-align: center\" width=\"113\">&#8211;<\/td>\n<\/tr>\n<tr>\n<td style=\"width: 38.8299%\" width=\"236\">50Hz, 380\/400V<\/td>\n<td style=\"width: 12.7685%;text-align: center\" width=\"66\">40A<\/td>\n<td style=\"width: 14.7386%;text-align: center\" width=\"132\">18.5A<\/td>\n<td style=\"width: 14.3962%;text-align: center\" width=\"104\">18,5 kW<\/td>\n<td style=\"width: 13.8378%;text-align: center\" width=\"113\">7,5 kW<\/td>\n<\/tr>\n<tr>\n<td style=\"width: 38.8299%\" width=\"236\">50Hz, 660\/690V<\/td>\n<td style=\"width: 12.7685%;text-align: center\" width=\"66\">34A<\/td>\n<td style=\"width: 14.7386%;text-align: center\" width=\"132\">9A<\/td>\n<td style=\"width: 14.3962%;text-align: center\" width=\"104\">30 kW<\/td>\n<td style=\"width: 13.8378%;text-align: center\" width=\"113\">7,5 kW<\/td>\n<\/tr>\n<\/tbody>\n<\/table>\n<h2><span class=\"ez-toc-section\" id=\"Contactor_CJX93P40A_pentru_compresor_Caracteristici_nominale_in_functie_de_sarcina\"><\/span><strong>CJX93P40A contactor for compressor. Nominal characteristics depending on load<\/strong><span class=\"ez-toc-section-end\"><\/span><\/h2>\n<p>The connected load and the supply voltage directly influence the rated characteristics of the contactor. For example, the rated current <strong>40A<\/strong>, indicated on the housing and in the device name, refers to standard use \u2014 control of electric motors with three-phase 380V power supply in the category <strong>AC-3<\/strong>.<\/p>\n<h3><span class=\"ez-toc-section\" id=\"Categoriile_de_sarcina\"><\/span>Task categories<span class=\"ez-toc-section-end\"><\/span><\/h3>\n<p>This CJX93P40A Compressor Contactor is designed for a standard load of <strong>18,5 kW<\/strong>For less demanding applications, such as incandescent bulbs or electric resistances (TENs), the most suitable category is <a href=\"https:\/\/en.wikipedia.org\/wiki\/Utilization_categories\" target=\"_blank\" rel=\"noopener\"><strong>AC-1<\/strong><\/a>. On the other hand, if the device controls motors with heavy mechanisms or changes in the direction of rotation, the category is preferable. <a href=\"https:\/\/en.wikipedia.org\/wiki\/Utilization_categories\" target=\"_blank\" rel=\"noopener\"><strong>AC-4<\/strong><\/a>.<\/p>\n<h3><span class=\"ez-toc-section\" id=\"Constructia_contactelor_si_a_magnetului\"><\/span>Contact and magnet construction<span class=\"ez-toc-section-end\"><\/span><\/h3>\n<p>Contactor CJX93P40\u0410 uses the classic double-break scheme. In addition, the central moving part is equipped with a spring to increase reliability. Manufacturers have provided for fastening the magnetic plates in 12 places, six of them by hammering, to increase the strength of the structure. To reduce vibrations, rubber dampers have been added to the fixed part, and over-tightened coils prevent the armature from rebounding when the phase crosses zero.<\/p>\n<h3><span class=\"ez-toc-section\" id=\"Contacte_auxiliare_NC1\"><\/span>Auxiliary contacts NC1<span class=\"ez-toc-section-end\"><\/span><\/h3>\n<p>In control circuits, where currents and voltages are low, switching can be difficult due to the oxide film on the contacts. During switching, the spring-loaded moving part moves, cleaning the top layer of the contacts. As a result, the perpendicular markings increase friction and provide even more effective cleaning.<\/p>\n<hr \/>\n<h3><span class=\"ez-toc-section\" id=\"Seria_de_contactori_CJX9\"><\/span>CJX9 contactor series<span class=\"ez-toc-section-end\"><\/span><\/h3>\n<p>Contactor CJX93P40A pentru compresor sunt foarte populari datorit\u0103 construc\u021biei fiabile, bazate pe solu\u021bii testate. \u00cen plus, aceste dispozitive sunt excelente pentru comutarea circuitelor electrice \u00een diverse echipamente industriale. Dac\u0103 combina\u021bi Contactor CJX93P40A pentru compresor cu relee termice, pute\u021bi proteja echipamentele electrice de suprasarcin\u0103. Seria acoper\u0103 o gam\u0103 larg\u0103 de curen\u021bi nominali, de la 9 la 95A, \u0219i ofer\u0103 extindere func\u021bional\u0103 prin module suplimentare:<\/p>\n<ul>\n<li>Time delay contactor;<\/li>\n<li>Reversible contactor;<\/li>\n<li>Electromagnetic starting relays;<\/li>\n<li>Contactor for KRM circuits;<\/li>\n<li>Multifunctional star-delta starters.<\/li>\n<\/ul>\n<h3><span class=\"ez-toc-section\" id=\"Caracteristici_tehnice\"><\/span>Technical features<span class=\"ez-toc-section-end\"><\/span><\/h3>\n<ul>\n<li><strong>Circuit voltage:<\/strong> up to 690V.<\/li>\n<li><strong>Network frequency:<\/strong> up to 60Hz.<\/li>\n<li><strong>Control circuits:<\/strong> alternating or direct current (models with the letter Z support direct current).<\/li>\n<li><strong>Control coils:<\/strong> voltage of 220V.<\/li>\n<li><strong>Operating time:<\/strong> up to 1200 cycles per hour (category <strong>AC-3<\/strong>, 380\/400V).<\/li>\n<li><strong>Durability:<\/strong> up to 10 million switching cycles.<\/li>\n<\/ul>\n<p>Thanks to these features, the CJX9 series ensures reliable and efficient operation, according to modern standards.<\/p>\n<hr \/>\n<p>\u00a0<\/p>","protected":false},"excerpt":{"rendered":"<ul>\n<li><strong>Circuit voltage:<\/strong> up to 690V.<\/li>\n<li><strong>Network frequency:<\/strong> up to 60Hz.<\/li>\n<li><strong>Control circuits:<\/strong> alternating or direct current (models with the letter Z support direct current).<\/li>\n<li><strong>Control coils:<\/strong> voltage of 220V.<\/li>\n<li><strong>Operating time:<\/strong> up to 1200 cycles per hour (category <strong>AC-3<\/strong>, 380\/400V).<\/li>\n<li><strong>Durability:<\/strong> up to 10 million switching cycles.<\/li>\n<\/ul>","protected":false},"featured_media":2164,"comment_status":"open","ping_status":"closed","template":"","meta":{"_acf_changed":false,"_kad_post_transparent":"default","_kad_post_title":"","_kad_post_layout":"default","_kad_post_sidebar_id":"","_kad_post_content_style":"default","_kad_post_vertical_padding":"default","_kad_post_feature":"","_kad_post_feature_position":"","_kad_post_header":false,"_kad_post_footer":false},"product_brand":[],"product_cat":[276],"product_tag":[279,455],"class_list":{"0":"post-2928","1":"product","2":"type-product","3":"status-publish","4":"has-post-thumbnail","6":"product_cat-contactoare","7":"product_tag-279","8":"product_tag-contactor","10":"first","11":"instock","12":"sale","13":"featured","14":"taxable","15":"shipping-taxable","16":"purchasable","17":"product-type-simple","18":"entry","19":"content-bg","20":"loop-entry"},"acf":[],"_links":{"self":[{"href":"https:\/\/altal.ro\/en\/wp-json\/wp\/v2\/product\/2928","targetHints":{"allow":["GET"]}}],"collection":[{"href":"https:\/\/altal.ro\/en\/wp-json\/wp\/v2\/product"}],"about":[{"href":"https:\/\/altal.ro\/en\/wp-json\/wp\/v2\/types\/product"}],"replies":[{"embeddable":true,"href":"https:\/\/altal.ro\/en\/wp-json\/wp\/v2\/comments?post=2928"}],"version-history":[{"count":2,"href":"https:\/\/altal.ro\/en\/wp-json\/wp\/v2\/product\/2928\/revisions"}],"predecessor-version":[{"id":7681,"href":"https:\/\/altal.ro\/en\/wp-json\/wp\/v2\/product\/2928\/revisions\/7681"}],"wp:featuredmedia":[{"embeddable":true,"href":"https:\/\/altal.ro\/en\/wp-json\/wp\/v2\/media\/2164"}],"wp:attachment":[{"href":"https:\/\/altal.ro\/en\/wp-json\/wp\/v2\/media?parent=2928"}],"wp:term":[{"taxonomy":"product_brand","embeddable":true,"href":"https:\/\/altal.ro\/en\/wp-json\/wp\/v2\/product_brand?post=2928"},{"taxonomy":"product_cat","embeddable":true,"href":"https:\/\/altal.ro\/en\/wp-json\/wp\/v2\/product_cat?post=2928"},{"taxonomy":"product_tag","embeddable":true,"href":"https:\/\/altal.ro\/en\/wp-json\/wp\/v2\/product_tag?post=2928"}],"curies":[{"name":"wp","href":"https:\/\/api.w.org\/{rel}","templated":true}]}}