{"id":2927,"date":"2025-06-16T00:28:41","date_gmt":"2025-06-16T00:28:41","guid":{"rendered":"https:\/\/altal.ro\/?post_type=product&#038;p=2927"},"modified":"2025-07-23T02:06:39","modified_gmt":"2025-07-22T23:06:39","slug":"contactor-cjx93p32a","status":"publish","type":"product","link":"https:\/\/altal.ro\/en\/contactor-cjx93p32a\/","title":{"rendered":"Contactor CJX93P32A for heat pump compressor"},"content":{"rendered":"<div id=\"ez-toc-container\" class=\"ez-toc-v2_0_82_2 counter-hierarchy ez-toc-counter ez-toc-grey ez-toc-container-direction\">\n<div class=\"ez-toc-title-container\">\n<p class=\"ez-toc-title\" style=\"cursor:inherit\">content<\/p>\n<span class=\"ez-toc-title-toggle\"><a href=\"#\" class=\"ez-toc-pull-right ez-toc-btn ez-toc-btn-xs ez-toc-btn-default ez-toc-toggle\" aria-label=\"Toggle Table of Content\"><span class=\"ez-toc-js-icon-con\"><span class=\"\"><span class=\"eztoc-hide\" style=\"display:none;\">Toggle<\/span><span class=\"ez-toc-icon-toggle-span\"><svg style=\"fill: #999;color:#999\" xmlns=\"http:\/\/www.w3.org\/2000\/svg\" class=\"list-377408\" width=\"20px\" height=\"20px\" viewbox=\"0 0 24 24\" fill=\"none\"><path d=\"M6 6H4v2h2V6zm14 0H8v2h12V6zM4 11h2v2H4v-2zm16 0H8v2h12v-2zM4 16h2v2H4v-2zm16 0H8v2h12v-2z\" fill=\"currentColor\"><\/path><\/svg><svg style=\"fill: #999;color:#999\" class=\"arrow-unsorted-368013\" xmlns=\"http:\/\/www.w3.org\/2000\/svg\" width=\"10px\" height=\"10px\" viewbox=\"0 0 24 24\" version=\"1.2\" baseprofile=\"tiny\"><path d=\"M18.2 9.3l-6.2-6.3-6.2 6.3c-.2.2-.3.4-.3.7s.1.5.3.7c.2.2.4.3.7.3h11c.3 0 .5-.1.7-.3.2-.2.3-.5.3-.7s-.1-.5-.3-.7zM5.8 14.7l6.2 6.3 6.2-6.3c.2-.2.3-.5.3-.7s-.1-.5-.3-.7c-.2-.2-.4-.3-.7-.3h-11c-.3 0-.5.1-.7.3-.2.2-.3.5-.3.7s.1.5.3.7z\"\/><\/svg><\/span><\/span><\/span><\/a><\/span><\/div>\n<nav><ul class='ez-toc-list ez-toc-list-level-1' ><li class='ez-toc-page-1 ez-toc-heading-level-2'><a class=\"ez-toc-link ez-toc-heading-1\" href=\"https:\/\/altal.ro\/en\/contactor-cjx93p32a\/#Contactor_CJX93P32A_pentru_compresor_pompa_de_caldura\">Contactor CJX93P32A for heat pump compressor<\/a><\/li><li class='ez-toc-page-1 ez-toc-heading-level-2'><a class=\"ez-toc-link ez-toc-heading-2\" href=\"https:\/\/altal.ro\/en\/contactor-cjx93p32a\/#Contactor_CJX93P32A_pentru_compresor_%E2%80%93_Tabel_de_conversie_a_caracteristicilor\">CJX93P32A Compressor Contactor \u2013 Characteristics Conversion Table<\/a><ul class='ez-toc-list-level-3' ><li class='ez-toc-heading-level-3'><a class=\"ez-toc-link ez-toc-heading-3\" href=\"https:\/\/altal.ro\/en\/contactor-cjx93p32a\/#Caracteristici_nominale_in_functie_de_sarcina\">Nominal characteristics depending on load<\/a><\/li><li class='ez-toc-page-1 ez-toc-heading-level-3'><a class=\"ez-toc-link ez-toc-heading-4\" href=\"https:\/\/altal.ro\/en\/contactor-cjx93p32a\/#Categorii_de_utilizare\">Usage categories<\/a><\/li><li class='ez-toc-page-1 ez-toc-heading-level-3'><a class=\"ez-toc-link ez-toc-heading-5\" href=\"https:\/\/altal.ro\/en\/contactor-cjx93p32a\/#Constructia_contactelor_si_a_miezului_magnetic\">Construction of contacts and magnetic core<\/a><\/li><li class='ez-toc-page-1 ez-toc-heading-level-3'><a class=\"ez-toc-link ez-toc-heading-6\" href=\"https:\/\/altal.ro\/en\/contactor-cjx93p32a\/#Contacte_auxiliare_NC1\">Auxiliary contacts NC1<\/a><\/li><li class='ez-toc-page-1 ez-toc-heading-level-3'><a class=\"ez-toc-link ez-toc-heading-7\" href=\"https:\/\/altal.ro\/en\/contactor-cjx93p32a\/#Seria_de_contactoare_CJX9\">CJX9 contactor series<\/a><\/li><li class='ez-toc-page-1 ez-toc-heading-level-3'><a class=\"ez-toc-link ez-toc-heading-8\" href=\"https:\/\/altal.ro\/en\/contactor-cjx93p32a\/#Specificatii_tehnice\">Technical specifications<\/a><\/li><\/ul><\/li><\/ul><\/nav><\/div>\n\n<h2><span class=\"ez-toc-section\" id=\"Contactor_CJX93P32A_pentru_compresor_pompa_de_caldura\"><\/span>Contactor CJX93P32A for heat pump compressor<span class=\"ez-toc-section-end\"><\/span><\/h2>\n<p>This CJX93P32A Compressor Contactor is designed for a nominal current of 32A. When voltage is applied to the control coil, the contactor is activated, closing the main contacts. It is important that the control circuit voltage is 230V. This contactor is ideal for starting compressors <a href=\"https:\/\/altal.ro\/en\/heat-pump-altal\/\" target=\"_blank\" rel=\"noopener\">heat pumps<\/a> with fixed speed. It can also be used to switch high-power peripheral equipment such as circulation pumps, electric heaters and other devices.<\/p>\n<h2><span class=\"ez-toc-section\" id=\"Contactor_CJX93P32A_pentru_compresor_%E2%80%93_Tabel_de_conversie_a_caracteristicilor\"><\/span>CJX93P32A Compressor Contactor \u2013 Characteristics Conversion Table<span class=\"ez-toc-section-end\"><\/span><\/h2>\n<table style=\"width: 44.8987%\" border=\"1\">\n<tbody>\n<tr>\n<td style=\"width: 18.8215%\"><strong>Working voltage<\/strong><\/td>\n<td style=\"width: 18.9639%;text-align: center\" colspan=\"2\"><strong>Rated current<\/strong><\/td>\n<td style=\"width: 19.4343%;text-align: center\" colspan=\"2\"><strong>Rated power<\/strong><\/td>\n<\/tr>\n<tr>\n<td style=\"width: 18.8215%\">\u00a0<\/td>\n<td style=\"width: 9.13422%;text-align: center\"><strong>AC3<\/strong><\/td>\n<td style=\"width: 9.8297%;text-align: center\"><strong>AC4<\/strong><\/td>\n<td style=\"width: 10.623%;text-align: center\"><strong>AC3<\/strong><\/td>\n<td style=\"width: 8.81127%;text-align: center\"><strong>AC4<\/strong><\/td>\n<\/tr>\n<tr>\n<td style=\"width: 18.8215%\">50Hz, 220\/230V<\/td>\n<td style=\"width: 9.13422%;text-align: center\">&#8211;<\/td>\n<td style=\"width: 9.8297%;text-align: center\">&#8211;<\/td>\n<td style=\"width: 10.623%;text-align: center\">7,5 kW<\/td>\n<td style=\"width: 8.81127%;text-align: center\">&#8211;<\/td>\n<\/tr>\n<tr>\n<td style=\"width: 18.8215%\">50Hz, 380\/400V<\/td>\n<td style=\"width: 9.13422%;text-align: center\">32 A<\/td>\n<td style=\"width: 9.8297%;text-align: center\">12 A<\/td>\n<td style=\"width: 10.623%;text-align: center\">15 kW<\/td>\n<td style=\"width: 8.81127%;text-align: center\">5,5 kW<\/td>\n<\/tr>\n<tr>\n<td style=\"width: 18.8215%\">50Hz, 660\/690V<\/td>\n<td style=\"width: 9.13422%;text-align: center\">21 A<\/td>\n<td style=\"width: 9.8297%;text-align: center\">7,5 A<\/td>\n<td style=\"width: 10.623%;text-align: center\">18,5 kW<\/td>\n<td style=\"width: 8.81127%;text-align: center\">5,5 kW<\/td>\n<\/tr>\n<\/tbody>\n<\/table>\n<h3><span class=\"ez-toc-section\" id=\"Caracteristici_nominale_in_functie_de_sarcina\"><\/span>Nominal characteristics depending on load<span class=\"ez-toc-section-end\"><\/span><\/h3>\n<p>The connected load and the supply voltage directly influence the performance of the contactor. The rated current of 32A, mentioned in the name Contactor CJX93P32\u0410, is intended for standard use \u2013 control of three-phase 380V electric motors, category <a href=\"https:\/\/en.wikipedia.org\/wiki\/Utilization_categories\" target=\"_blank\" rel=\"noopener\"><strong>AC-3<\/strong><\/a>.<\/p>\n<h3><span class=\"ez-toc-section\" id=\"Categorii_de_utilizare\"><\/span>Usage categories<span class=\"ez-toc-section-end\"><\/span><\/h3>\n<p>CJX93P32A contactor for compressors is designed for a nominal load of 15 kW. For simpler applications, such as light bulbs or electric resistors, the category is recommended. <a href=\"https:\/\/en.wikipedia.org\/wiki\/Utilization_categories\" target=\"_blank\" rel=\"noopener\"><strong>AC-1<\/strong><\/a>For controlling motors with high inertia or reversing, the category is preferred. <a href=\"https:\/\/en.wikipedia.org\/wiki\/Utilization_categories\" target=\"_blank\" rel=\"noopener\"><strong>AC-4<\/strong><\/a>.<\/p>\n<h3><span class=\"ez-toc-section\" id=\"Constructia_contactelor_si_a_miezului_magnetic\"><\/span>Construction of contacts and magnetic core<span class=\"ez-toc-section-end\"><\/span><\/h3>\n<p>CJX93P32A compressor contactor uses a double-break scheme with a central spring mechanism for high reliability. The magnetic core plates are fixed at 12 points, 6 of which are reinforced with rivets for durability. Rubber dampers reduce vibration, and short-circuiting coils prevent armature recoil at phase zero crossing.<\/p>\n<h3><span class=\"ez-toc-section\" id=\"Contacte_auxiliare_NC1\"><\/span>Auxiliary contacts NC1<span class=\"ez-toc-section-end\"><\/span><\/h3>\n<p>In circuits with low currents and voltages, oxidation of the contacts can make switching difficult. Auxiliary contacts <strong>NC1<\/strong> are equipped with a self-cleaning system: the spring-loaded moving part moves and mechanically cleans the contact surface. Perpendicular grooves increase the efficiency of this process.<\/p>\n<hr \/>\n<h3><span class=\"ez-toc-section\" id=\"Seria_de_contactoare_CJX9\"><\/span>CJX9 contactor series<span class=\"ez-toc-section-end\"><\/span><\/h3>\n<p>Seria CJX9 este recunoscut\u0103 pentru designul s\u0103u fiabil \u0219i versatilitatea \u00een utilizarea industrial\u0103. Contactoarele sunt potrivite pentru comutarea circuitelor electrice \u00een echipamente industriale variate. Contactor CJX93P32A pentru compresor poate fi combinat cu relee termice pentru protec\u021bia echipamentului electric \u00eempotriva suprasarcinilor. Seria acoper\u0103 curen\u021bi nominali de la 9A la 95A \u0219i ofer\u0103 op\u021biuni suplimentare:<\/p>\n<ul>\n<li>Contactors with timing;<\/li>\n<li>Reversible contactors;<\/li>\n<li>Magnetic starters;<\/li>\n<li>Contactors for power factor compensation circuits (KRM);<\/li>\n<li>&#034;Star-delta&#034; starter.<\/li>\n<\/ul>\n<h3><span class=\"ez-toc-section\" id=\"Specificatii_tehnice\"><\/span>Technical specifications<span class=\"ez-toc-section-end\"><\/span><\/h3>\n<ul>\n<li><strong>Working voltage:<\/strong> up to 690V.<\/li>\n<li><strong>Network frequency:<\/strong> up to 60Hz.<\/li>\n<li><strong>Control circuits:<\/strong> alternating or direct current (models with the suffix Z support DC).<\/li>\n<li><strong>Control coil:<\/strong> 220V.<\/li>\n<li><strong>Switching cycles:<\/strong> up to 1200\/h (category <strong>AC-3<\/strong>, 380\/400V).<\/li>\n<li><strong>Lifespan:<\/strong> up to 10 million cycles.<\/li>\n<\/ul>\n<hr \/>\n<p>\u00a0<\/p>","protected":false},"excerpt":{"rendered":"<ul>\n<li><strong>Working voltage:<\/strong> up to 690V.<\/li>\n<li><strong>Network frequency:<\/strong> up to 60Hz.<\/li>\n<li><strong>Control circuits:<\/strong> alternating or direct current (models with the suffix Z support DC).<\/li>\n<li><strong>Control coil:<\/strong> 220V.<\/li>\n<li><strong>Switching cycles:<\/strong> up to 1200\/h (category <strong>AC-3<\/strong>, 380\/400V).<\/li>\n<li><strong>Lifespan:<\/strong> up to 10 million cycles.<\/li>\n<\/ul>","protected":false},"featured_media":2161,"comment_status":"open","ping_status":"closed","template":"","meta":{"_acf_changed":false,"_kad_post_transparent":"default","_kad_post_title":"","_kad_post_layout":"default","_kad_post_sidebar_id":"","_kad_post_content_style":"default","_kad_post_vertical_padding":"default","_kad_post_feature":"","_kad_post_feature_position":"","_kad_post_header":false,"_kad_post_footer":false},"product_brand":[],"product_cat":[276],"product_tag":[278,455,452],"class_list":{"0":"post-2927","1":"product","2":"type-product","3":"status-publish","4":"has-post-thumbnail","6":"product_cat-contactoare","7":"product_tag-278","8":"product_tag-contactor","9":"product_tag-pompe-de-caldura","11":"first","12":"instock","13":"sale","14":"featured","15":"taxable","16":"shipping-taxable","17":"purchasable","18":"product-type-simple","19":"entry","20":"content-bg","21":"loop-entry"},"acf":[],"_links":{"self":[{"href":"https:\/\/altal.ro\/en\/wp-json\/wp\/v2\/product\/2927","targetHints":{"allow":["GET"]}}],"collection":[{"href":"https:\/\/altal.ro\/en\/wp-json\/wp\/v2\/product"}],"about":[{"href":"https:\/\/altal.ro\/en\/wp-json\/wp\/v2\/types\/product"}],"replies":[{"embeddable":true,"href":"https:\/\/altal.ro\/en\/wp-json\/wp\/v2\/comments?post=2927"}],"version-history":[{"count":2,"href":"https:\/\/altal.ro\/en\/wp-json\/wp\/v2\/product\/2927\/revisions"}],"predecessor-version":[{"id":7682,"href":"https:\/\/altal.ro\/en\/wp-json\/wp\/v2\/product\/2927\/revisions\/7682"}],"wp:featuredmedia":[{"embeddable":true,"href":"https:\/\/altal.ro\/en\/wp-json\/wp\/v2\/media\/2161"}],"wp:attachment":[{"href":"https:\/\/altal.ro\/en\/wp-json\/wp\/v2\/media?parent=2927"}],"wp:term":[{"taxonomy":"product_brand","embeddable":true,"href":"https:\/\/altal.ro\/en\/wp-json\/wp\/v2\/product_brand?post=2927"},{"taxonomy":"product_cat","embeddable":true,"href":"https:\/\/altal.ro\/en\/wp-json\/wp\/v2\/product_cat?post=2927"},{"taxonomy":"product_tag","embeddable":true,"href":"https:\/\/altal.ro\/en\/wp-json\/wp\/v2\/product_tag?post=2927"}],"curies":[{"name":"wp","href":"https:\/\/api.w.org\/{rel}","templated":true}]}}