{"id":2925,"date":"2025-06-16T00:28:41","date_gmt":"2025-06-16T00:28:41","guid":{"rendered":"https:\/\/altal.ro\/?post_type=product&#038;p=2925"},"modified":"2025-07-23T02:06:54","modified_gmt":"2025-07-22T23:06:54","slug":"reversible-filter-drier-zrk305","status":"publish","type":"product","link":"https:\/\/altal.ro\/en\/reversible-filter-drier-zrk305\/","title":{"rendered":"Reversible Filter dryer ZRK305"},"content":{"rendered":"<div id=\"ez-toc-container\" class=\"ez-toc-v2_0_82_2 counter-hierarchy ez-toc-counter ez-toc-grey ez-toc-container-direction\">\n<div class=\"ez-toc-title-container\">\n<p class=\"ez-toc-title\" style=\"cursor:inherit\">content<\/p>\n<span class=\"ez-toc-title-toggle\"><a href=\"#\" class=\"ez-toc-pull-right ez-toc-btn ez-toc-btn-xs ez-toc-btn-default ez-toc-toggle\" aria-label=\"Toggle Table of Content\"><span class=\"ez-toc-js-icon-con\"><span class=\"\"><span class=\"eztoc-hide\" style=\"display:none;\">Toggle<\/span><span class=\"ez-toc-icon-toggle-span\"><svg style=\"fill: #999;color:#999\" xmlns=\"http:\/\/www.w3.org\/2000\/svg\" class=\"list-377408\" width=\"20px\" height=\"20px\" viewbox=\"0 0 24 24\" fill=\"none\"><path d=\"M6 6H4v2h2V6zm14 0H8v2h12V6zM4 11h2v2H4v-2zm16 0H8v2h12v-2zM4 16h2v2H4v-2zm16 0H8v2h12v-2z\" fill=\"currentColor\"><\/path><\/svg><svg style=\"fill: #999;color:#999\" class=\"arrow-unsorted-368013\" xmlns=\"http:\/\/www.w3.org\/2000\/svg\" width=\"10px\" height=\"10px\" viewbox=\"0 0 24 24\" version=\"1.2\" baseprofile=\"tiny\"><path d=\"M18.2 9.3l-6.2-6.3-6.2 6.3c-.2.2-.3.4-.3.7s.1.5.3.7c.2.2.4.3.7.3h11c.3 0 .5-.1.7-.3.2-.2.3-.5.3-.7s-.1-.5-.3-.7zM5.8 14.7l6.2 6.3 6.2-6.3c.2-.2.3-.5.3-.7s-.1-.5-.3-.7c-.2-.2-.4-.3-.7-.3h-11c-.3 0-.5.1-.7.3-.2.2-.3.5-.3.7s.1.5.3.7z\"\/><\/svg><\/span><\/span><\/span><\/a><\/span><\/div>\n<nav><ul class='ez-toc-list ez-toc-list-level-1' ><li class='ez-toc-page-1 ez-toc-heading-level-2'><a class=\"ez-toc-link ez-toc-heading-1\" href=\"https:\/\/altal.ro\/en\/reversible-filter-drier-zrk305\/#Filtru_deshidratator_reversibil_ZRK305\">Reversible Filter dryer ZRK305<\/a><\/li><li class='ez-toc-page-1 ez-toc-heading-level-2'><a class=\"ez-toc-link ez-toc-heading-2\" href=\"https:\/\/altal.ro\/en\/reversible-filter-drier-zrk305\/#Filtru_deshidratator_reversibil_ZRK305-2\">Reversible Filter dryer ZRK305<\/a><\/li><\/ul><\/nav><\/div>\n\n<div class=\"product-essential\">\n<div class=\"product-shop\">\n<h2><span class=\"ez-toc-section\" id=\"Filtru_deshidratator_reversibil_ZRK305\"><\/span>Reversible Filter dryer ZRK305<span class=\"ez-toc-section-end\"><\/span><\/h2>\n<p>Reversible filter drier ZRK305 \u2014 is a high-quality device intended for use in <a href=\"http:\/\/altalheat.com\/ru\/product-category\/teplovye-nasosy\/\" target=\"_blank\" rel=\"noopener\">heat pumps<\/a>. It works in <a href=\"https:\/\/en.wikipedia.org\/wiki\/Reversing_valve\" target=\"_blank\" rel=\"noopener\">reversible cycle<\/a>. Este proiectat pentru a permite fluxul \u00een linia de lichid a pompei \u00een ambele direc\u021bii. Acest filtru de uscare se utilizeaz\u0103 pentru refrigeran\u021bi R12, R22, R32, R502, R134a, R404A, R407C, R410A, R507, precum \u0219i pentru CFC, HCFC, HFC \u0219i lubrifian\u021bi specifici. Capacitatea de filtrare ajunge la 0,10 microni. Ventilul de control intern, fabricat din nailon, asigur\u0103 filtrarea \u00een ambele direc\u021bii. Eliminarea acizilor organici \u0219i neorganici se face cu ajutorul oxidului de aluminiu activat, iar umiditatea este eliminat\u0103 cu un usuc\u0103tor molecular. Ad\u0103ugarea de c\u0103rbune activat \u00een miezul de uscare ajut\u0103 la eliminarea ceara la temperaturi sc\u0103zute de func\u021bionare.<\/div>\n<div class=\"clearer\"><span style=\"font-family: Montserrat, sans-serif;font-size: 28px;font-weight: bold\">Technical features<\/span><\/div>\n<\/div>\n<div class=\"product-collateral\">\n<div id=\"product_tabs_additional_contents\" class=\"product-tabs-content\">\n<table id=\"product-attribute-specs-table\" class=\"data-table\" style=\"height: 150px;width: 29.6383%\" border=\"1\">\n<colgroup>\n<col width=\"180px\" \/>\n<col \/><\/colgroup>\n<tbody>\n<tr style=\"height: 10px\">\n<th class=\"label\" style=\"height: 10px;width: 32.1683%\">He would be<\/th>\n<td class=\"data\" style=\"height: 10px;width: 15.1023%;text-align: center\">SAM<\/td>\n<\/tr>\n<tr style=\"height: 68px\">\n<th class=\"label\" style=\"height: 68px;width: 32.1683%;text-align: left\">Working pressure (PS)<\/th>\n<td class=\"data\" style=\"height: 68px;width: 15.1023%;text-align: center\">46 were<\/td>\n<\/tr>\n<tr style=\"height: 36px\">\n<th class=\"label\" style=\"height: 36px;width: 32.1683%;text-align: left\">Burst pressure<\/th>\n<td class=\"data\" style=\"height: 36px;width: 15.1023%;text-align: center\">175 were<\/td>\n<\/tr>\n<tr style=\"height: 36px\">\n<th class=\"label\" style=\"height: 36px;width: 32.1683%;text-align: left\">CONNECTIONS<\/th>\n<td class=\"data\" style=\"height: 36px;width: 15.1023%;text-align: center\">5\/8&#8243; <strong>SAE<\/strong><\/td>\n<\/tr>\n<\/tbody>\n<\/table>\n<h2><span class=\"ez-toc-section\" id=\"Filtru_deshidratator_reversibil_ZRK305-2\"><\/span>Reversible Filter dryer ZRK305<span class=\"ez-toc-section-end\"><\/span><\/h2>\n<ul>\n<li>has a solid core consisting of a mixture of molecular sieve and activated aluminum. These adsorbents are fixed in the core using a synthetic adhesive material. The core is tightly clamped on both sides, and cotton pads are placed for protection. The retaining veins inside the filter direct the flow, which allows the fluid to operate in any direction in heat pumps. This construction ensures high efficiency of filtration and absorption of water and acids.<\/li>\n<\/ul>\n<p>The ZRK305 reversible filter drier is available with a 5\/8\u2033 SAE threaded connection. We also offer models with a 5\/8\u2033 ODF solder connection. For further details, please contact us.<\/p>\n<hr \/>\n<p>\u00a0<\/p><\/div>\n<\/div>","protected":false},"excerpt":{"rendered":"<h2><span style=\"color: #993366;\">Model ZRK305\u00a0<\/span><\/h2>\n<ul>\n<li class=\"tab-title\">Working pressure (PS): 46 bar<\/li>\n<li class=\"tab-title\">Burst pressure: 175 bar<\/li>\n<li class=\"tab-title\">Connections: 5\/8\u2033 SAE<\/li>\n<li>Refrigeran\u021bi: R22, R134a, R404A, R407C, R410A, R507<\/li>\n<\/ul>","protected":false},"featured_media":2156,"comment_status":"open","ping_status":"closed","template":"","meta":{"_acf_changed":false,"_kad_post_transparent":"default","_kad_post_title":"","_kad_post_layout":"default","_kad_post_sidebar_id":"","_kad_post_content_style":"default","_kad_post_vertical_padding":"default","_kad_post_feature":"","_kad_post_feature_position":"","_kad_post_header":false,"_kad_post_footer":false},"product_brand":[],"product_cat":[271],"product_tag":[274],"class_list":{"0":"post-2925","1":"product","2":"type-product","3":"status-publish","4":"has-post-thumbnail","6":"product_cat-filtre-deshidratoare","7":"product_tag-filtru-deshidrator","9":"first","10":"instock","11":"sale","12":"featured","13":"taxable","14":"shipping-taxable","15":"purchasable","16":"product-type-simple","17":"entry","18":"content-bg","19":"loop-entry"},"acf":[],"_links":{"self":[{"href":"https:\/\/altal.ro\/en\/wp-json\/wp\/v2\/product\/2925","targetHints":{"allow":["GET"]}}],"collection":[{"href":"https:\/\/altal.ro\/en\/wp-json\/wp\/v2\/product"}],"about":[{"href":"https:\/\/altal.ro\/en\/wp-json\/wp\/v2\/types\/product"}],"replies":[{"embeddable":true,"href":"https:\/\/altal.ro\/en\/wp-json\/wp\/v2\/comments?post=2925"}],"version-history":[{"count":3,"href":"https:\/\/altal.ro\/en\/wp-json\/wp\/v2\/product\/2925\/revisions"}],"predecessor-version":[{"id":7684,"href":"https:\/\/altal.ro\/en\/wp-json\/wp\/v2\/product\/2925\/revisions\/7684"}],"wp:featuredmedia":[{"embeddable":true,"href":"https:\/\/altal.ro\/en\/wp-json\/wp\/v2\/media\/2156"}],"wp:attachment":[{"href":"https:\/\/altal.ro\/en\/wp-json\/wp\/v2\/media?parent=2925"}],"wp:term":[{"taxonomy":"product_brand","embeddable":true,"href":"https:\/\/altal.ro\/en\/wp-json\/wp\/v2\/product_brand?post=2925"},{"taxonomy":"product_cat","embeddable":true,"href":"https:\/\/altal.ro\/en\/wp-json\/wp\/v2\/product_cat?post=2925"},{"taxonomy":"product_tag","embeddable":true,"href":"https:\/\/altal.ro\/en\/wp-json\/wp\/v2\/product_tag?post=2925"}],"curies":[{"name":"wp","href":"https:\/\/api.w.org\/{rel}","templated":true}]}}