{"id":6237,"date":"2025-06-27T20:10:06","date_gmt":"2025-06-27T17:10:06","guid":{"rendered":"https:\/\/altal.ro\/?page_id=6237"},"modified":"2025-06-27T20:10:06","modified_gmt":"2025-06-27T17:10:06","slug":"sitemap","status":"publish","type":"page","link":"https:\/\/altal.ro\/en\/sitemap\/","title":{"rendered":"Site map"},"content":{"rendered":"<h2 class=\"entry-title\">Harta site-ului<\/h2>\n<p>Produc\u021bia de pompe de c\u0103ldur\u0103 aer-apa,<a href=\"https:\/\/altal.ro\/ro\/pompe-de-caldura-altal\/\"> sol-apa<\/a>, \u00een Moldova. \u00centre\u021binere, consultan\u021b\u0103, repara\u021bii, <a href=\"https:\/\/altal.ro\">audit<\/a>.<\/p>\n<p>[wp_sitemap_page]<\/p>\n","protected":false},"excerpt":{"rendered":"<p>Harta site-ului Produc\u021bia de pompe de c\u0103ldur\u0103 aer-apa, sol-apa, \u00een Moldova. \u00centre\u021binere, consultan\u021b\u0103, repara\u021bii, audit. [wp_sitemap_page]<\/p>\n","protected":false},"author":1,"featured_media":6238,"parent":0,"menu_order":0,"comment_status":"closed","ping_status":"closed","template":"","meta":{"_acf_changed":false,"_kad_post_transparent":"default","_kad_post_title":"default","_kad_post_layout":"default","_kad_post_sidebar_id":"","_kad_post_content_style":"default","_kad_post_vertical_padding":"default","_kad_post_feature":"","_kad_post_feature_position":"","_kad_post_header":false,"_kad_post_footer":false,"footnotes":""},"class_list":["post-6237","page","type-page","status-publish","has-post-thumbnail","hentry"],"acf":[],"_links":{"self":[{"href":"https:\/\/altal.ro\/en\/wp-json\/wp\/v2\/pages\/6237","targetHints":{"allow":["GET"]}}],"collection":[{"href":"https:\/\/altal.ro\/en\/wp-json\/wp\/v2\/pages"}],"about":[{"href":"https:\/\/altal.ro\/en\/wp-json\/wp\/v2\/types\/page"}],"author":[{"embeddable":true,"href":"https:\/\/altal.ro\/en\/wp-json\/wp\/v2\/users\/1"}],"replies":[{"embeddable":true,"href":"https:\/\/altal.ro\/en\/wp-json\/wp\/v2\/comments?post=6237"}],"version-history":[{"count":2,"href":"https:\/\/altal.ro\/en\/wp-json\/wp\/v2\/pages\/6237\/revisions"}],"predecessor-version":[{"id":6240,"href":"https:\/\/altal.ro\/en\/wp-json\/wp\/v2\/pages\/6237\/revisions\/6240"}],"wp:featuredmedia":[{"embeddable":true,"href":"https:\/\/altal.ro\/en\/wp-json\/wp\/v2\/media\/6238"}],"wp:attachment":[{"href":"https:\/\/altal.ro\/en\/wp-json\/wp\/v2\/media?parent=6237"}],"curies":[{"name":"wp","href":"https:\/\/api.w.org\/{rel}","templated":true}]}}