{"id":3,"date":"2025-06-15T19:56:14","date_gmt":"2025-06-15T19:56:14","guid":{"rendered":"https:\/\/altal.ro\/?page_id=3"},"modified":"2025-07-07T19:01:11","modified_gmt":"2025-07-07T16:01:11","slug":"privacy-policy","status":"publish","type":"page","link":"https:\/\/altal.ro\/en\/privacy-policy\/","title":{"rendered":"Privacy policy"},"content":{"rendered":"<h2 class=\"wp-block-heading\" data-start=\"305\" data-end=\"341\"><strong data-start=\"308\" data-end=\"341\">Privacy policy<\/strong><\/h2>\r\n<p data-start=\"343\" data-end=\"628\">This <strong data-start=\"351\" data-end=\"384\">privacy policy<\/strong> describes how we collect, use and protect the personal data of website visitors <a class=\"\" href=\"https:\/\/altal.ro\/en\/\" target=\"_new\" rel=\"noopener\" data-start=\"494\" data-end=\"530\">https:\/\/altal.ro<\/a>By accessing this site, you agree to the terms of this <strong data-start=\"594\" data-end=\"627\">privacy policy<\/strong>.<\/p>\r\n<hr data-start=\"630\" data-end=\"633\" \/>\r\n<h3 data-start=\"635\" data-end=\"657\"><strong data-start=\"639\" data-end=\"657\">1. Who we are<\/strong><\/h3>\r\n<p data-start=\"659\" data-end=\"951\">Our website address is: <a class=\"\" href=\"https:\/\/altal.ro\/en\/\" target=\"_new\" rel=\"noopener\" data-start=\"689\" data-end=\"725\">https:\/\/altal.ro<\/a>.<br data-start=\"726\" data-end=\"729\" \/>Protecting your personal data is a priority for the ALTAL team. This <strong data-start=\"821\" data-end=\"854\">privacy policy<\/strong> explains what types of data are collected, how they are used and what rights you have as a user.<\/p>\r\n<hr data-start=\"953\" data-end=\"956\" \/>\r\n<h3 data-start=\"958\" data-end=\"979\"><strong data-start=\"962\" data-end=\"979\">2. Comments<\/strong><\/h3>\r\n<p data-start=\"981\" data-end=\"1433\">When visitors leave comments on the site, we collect the data filled in the form, IP address and browser information (user-agent) to prevent spam.<br data-start=\"1138\" data-end=\"1141\" \/>An encrypted version of the email address can be sent to Gravatar for verification. Their privacy policy can be found at <a class=\"\" href=\"https:\/\/automattic.com\/privacy\/\" target=\"_new\" rel=\"noopener\" data-start=\"1288\" data-end=\"1354\">https:\/\/automattic.com\/privacy\/<\/a>.<br data-start=\"1355\" data-end=\"1358\" \/>After approval, the comment and profile picture become visible to the public.<\/p>\r\n<hr data-start=\"1435\" data-end=\"1438\" \/>\r\n<h3 data-start=\"1440\" data-end=\"1464\"><strong data-start=\"1444\" data-end=\"1464\">3. Media files<\/strong><\/h3>\r\n<p data-start=\"1466\" data-end=\"1662\">If you upload images, avoid files with embedded EXIF \u200b\u200bGPS data, as others can download and analyze them. This is covered here. <strong data-start=\"1628\" data-end=\"1661\">privacy policy<\/strong>.<\/p>\r\n<hr data-start=\"1664\" data-end=\"1667\" \/>\r\n<h3 data-start=\"1669\" data-end=\"1690\"><strong data-start=\"1673\" data-end=\"1690\">4. Cookie-uri<\/strong><\/h3>\r\n<p data-start=\"1692\" data-end=\"1992\">To improve user experience, this site uses cookies.<br data-start=\"1771\" data-end=\"1774\" \/>Comments save cookies with your name, email, and website \u2013 valid for 1 year.<br data-start=\"1858\" data-end=\"1861\" \/>Additional cookies are used for authentication and content editing, according to this <strong data-start=\"1958\" data-end=\"1991\">privacy policies<\/strong>.<\/p>\r\n<hr data-start=\"1994\" data-end=\"1997\" \/>\r\n<h3 data-start=\"1999\" data-end=\"2049\"><strong data-start=\"2003\" data-end=\"2049\">5. Embedded content from other sites<\/strong><\/h3>\r\n<p data-start=\"2051\" data-end=\"2339\">Articles may include external content (video, articles, images). These behave like a direct visit to the source website and may collect data, including through cookies.<br data-start=\"2219\" data-end=\"2222\" \/>This <strong data-start=\"2230\" data-end=\"2263\">privacy policy<\/strong> does not apply to third-party content; please see their policies separately.<\/p>\r\n<hr data-start=\"2341\" data-end=\"2344\" \/>\r\n<h3 data-start=\"2346\" data-end=\"2385\"><strong data-start=\"2350\" data-end=\"2385\">6. Who do we share your data with?<\/strong><\/h3>\r\n<p data-start=\"2387\" data-end=\"2595\">The collected data is not distributed to third parties without your explicit consent.<br data-start=\"2463\" data-end=\"2466\" \/>In case of password reset request, the IP is included in the email. Data sharing can only be done under the law.<\/p>\r\n<hr data-start=\"2597\" data-end=\"2600\" \/>\r\n<h3 data-start=\"2602\" data-end=\"2636\"><strong data-start=\"2606\" data-end=\"2636\">7. How long do we keep data?<\/strong><\/h3>\r\n<p data-start=\"2638\" data-end=\"2896\">Comments are kept indefinitely for moderation efficiency.<br data-start=\"2714\" data-end=\"2717\" \/>Registered users&#039; data is retained until the account is deleted or an express request for deletion is made, in accordance with this <strong data-start=\"2862\" data-end=\"2895\">privacy policy<\/strong>.<\/p>\r\n<hr data-start=\"2898\" data-end=\"2901\" \/>\r\n<h3 data-start=\"2903\" data-end=\"2946\"><strong data-start=\"2907\" data-end=\"2946\">8. What rights do you have over your data?<\/strong><\/h3>\r\n<p data-start=\"2948\" data-end=\"2976\">You have the right to request:<\/p>\r\n<ul data-start=\"2977\" data-end=\"3118\">\r\n<li data-start=\"2977\" data-end=\"3014\">\r\n<p data-start=\"2979\" data-end=\"3014\">a file with your personal data;<\/p>\r\n<\/li>\r\n<li data-start=\"3015\" data-end=\"3053\">\r\n<p data-start=\"3017\" data-end=\"3053\">their rectification or deletion;<\/p>\r\n<\/li>\r\n<li data-start=\"3054\" data-end=\"3084\">\r\n<p data-start=\"3056\" data-end=\"3084\">withdrawal of consent;<\/p>\r\n<\/li>\r\n<li data-start=\"3085\" data-end=\"3118\">\r\n<p data-start=\"3087\" data-end=\"3118\">an official complaint to the ANSPDCP.<\/p>\r\n<\/li>\r\n<\/ul>\r\n<p data-start=\"3120\" data-end=\"3228\">All requests are handled according to this <strong data-start=\"3168\" data-end=\"3201\">privacy policies<\/strong> and applicable legislation.<\/p>\r\n<hr data-start=\"3230\" data-end=\"3233\" \/>\r\n<h3 data-start=\"3235\" data-end=\"3270\"><strong data-start=\"3239\" data-end=\"3270\">9. Where is the data sent?<\/strong><\/h3>\r\n<p data-start=\"3272\" data-end=\"3405\">Comments may be automatically checked by external anti-spam services, in accordance with this <strong data-start=\"3371\" data-end=\"3404\">privacy policy<\/strong>.<\/p>\r\n<hr data-start=\"3407\" data-end=\"3410\" \/>\r\n<h3 data-start=\"3412\" data-end=\"3443\"><strong data-start=\"3416\" data-end=\"3443\">10. Data security<\/strong><\/h3>\r\n<p data-start=\"3445\" data-end=\"3703\">We apply technical and organizational measures in accordance with international standards to ensure the confidentiality and integrity of personal data.<br data-start=\"3593\" data-end=\"3596\" \/>This <strong data-start=\"3604\" data-end=\"3637\">privacy policy<\/strong> reflects our commitment to protecting your information.<\/p>\r\n<hr data-start=\"3705\" data-end=\"3708\" \/>\r\n<h3 data-start=\"3710\" data-end=\"3729\"><strong data-start=\"3714\" data-end=\"3729\">11. Contact<\/strong><\/h3>\r\n<p data-start=\"3731\" data-end=\"3906\">For questions or requests regarding this <strong data-start=\"3779\" data-end=\"3812\">privacy policy<\/strong>, you can contact us at:<br data-start=\"3836\" data-end=\"3839\" \/>\ud83d\udce7 <strong data-start=\"3842\" data-end=\"3859\"><a class=\"cursor-pointer\" rel=\"noopener\" data-start=\"3844\" data-end=\"3857\">info@altal.ro<\/a><\/strong><br data-start=\"3859\" data-end=\"3862\" \/>\ud83d\udccd <strong data-start=\"3865\" data-end=\"3906\">75 Alba Iulia Street, Chisinau, Moldova<\/strong><\/p>","protected":false},"excerpt":{"rendered":"<p>Politica de confiden\u021bialitate Aceast\u0103 politica de confiden\u021bialitate descrie modul \u00een care colect\u0103m, utiliz\u0103m \u0219i protej\u0103m datele cu caracter personal ale vizitatorilor site-ului https:\/\/altal.ro. Acces\u00e2nd acest site, sunte\u021bi de acord cu termenii din aceast\u0103 politica de confiden\u021bialitate. 1. Cine suntem Adresa site-ului nostru este: https:\/\/altal.ro.Protejarea datelor dvs. cu caracter personal este o prioritate pentru echipa ALTAL&#8230;.<\/p>","protected":false},"author":1,"featured_media":4742,"parent":0,"menu_order":0,"comment_status":"closed","ping_status":"closed","template":"","meta":{"_acf_changed":false,"_kad_post_transparent":"default","_kad_post_title":"default","_kad_post_layout":"default","_kad_post_sidebar_id":"","_kad_post_content_style":"default","_kad_post_vertical_padding":"default","_kad_post_feature":"","_kad_post_feature_position":"","_kad_post_header":false,"_kad_post_footer":false,"footnotes":""},"class_list":["post-3","page","type-page","status-publish","has-post-thumbnail","hentry"],"acf":[],"_links":{"self":[{"href":"https:\/\/altal.ro\/en\/wp-json\/wp\/v2\/pages\/3","targetHints":{"allow":["GET"]}}],"collection":[{"href":"https:\/\/altal.ro\/en\/wp-json\/wp\/v2\/pages"}],"about":[{"href":"https:\/\/altal.ro\/en\/wp-json\/wp\/v2\/types\/page"}],"author":[{"embeddable":true,"href":"https:\/\/altal.ro\/en\/wp-json\/wp\/v2\/users\/1"}],"replies":[{"embeddable":true,"href":"https:\/\/altal.ro\/en\/wp-json\/wp\/v2\/comments?post=3"}],"version-history":[{"count":1,"href":"https:\/\/altal.ro\/en\/wp-json\/wp\/v2\/pages\/3\/revisions"}],"predecessor-version":[{"id":6928,"href":"https:\/\/altal.ro\/en\/wp-json\/wp\/v2\/pages\/3\/revisions\/6928"}],"wp:featuredmedia":[{"embeddable":true,"href":"https:\/\/altal.ro\/en\/wp-json\/wp\/v2\/media\/4742"}],"wp:attachment":[{"href":"https:\/\/altal.ro\/en\/wp-json\/wp\/v2\/media?parent=3"}],"curies":[{"name":"wp","href":"https:\/\/api.w.org\/{rel}","templated":true}]}}