{"id":11,"date":"2025-06-16T16:47:05","date_gmt":"2025-06-16T13:47:05","guid":{"rendered":"https:\/\/altal.ro\/?page_id=11"},"modified":"2025-07-07T19:01:19","modified_gmt":"2025-07-07T16:01:19","slug":"return-policy","status":"publish","type":"page","link":"https:\/\/altal.ro\/en\/return-policy\/","title":{"rendered":"Return policy"},"content":{"rendered":"<div id=\"ez-toc-container\" class=\"ez-toc-v2_0_82_2 counter-hierarchy ez-toc-counter ez-toc-grey ez-toc-container-direction\">\n<div class=\"ez-toc-title-container\">\n<p class=\"ez-toc-title\" style=\"cursor:inherit\">content<\/p>\n<span class=\"ez-toc-title-toggle\"><a href=\"#\" class=\"ez-toc-pull-right ez-toc-btn ez-toc-btn-xs ez-toc-btn-default ez-toc-toggle\" aria-label=\"Toggle Table of Content\"><span class=\"ez-toc-js-icon-con\"><span class=\"\"><span class=\"eztoc-hide\" style=\"display:none;\">Toggle<\/span><span class=\"ez-toc-icon-toggle-span\"><svg style=\"fill: #999;color:#999\" xmlns=\"http:\/\/www.w3.org\/2000\/svg\" class=\"list-377408\" width=\"20px\" height=\"20px\" viewbox=\"0 0 24 24\" fill=\"none\"><path d=\"M6 6H4v2h2V6zm14 0H8v2h12V6zM4 11h2v2H4v-2zm16 0H8v2h12v-2zM4 16h2v2H4v-2zm16 0H8v2h12v-2z\" fill=\"currentColor\"><\/path><\/svg><svg style=\"fill: #999;color:#999\" class=\"arrow-unsorted-368013\" xmlns=\"http:\/\/www.w3.org\/2000\/svg\" width=\"10px\" height=\"10px\" viewbox=\"0 0 24 24\" version=\"1.2\" baseprofile=\"tiny\"><path d=\"M18.2 9.3l-6.2-6.3-6.2 6.3c-.2.2-.3.4-.3.7s.1.5.3.7c.2.2.4.3.7.3h11c.3 0 .5-.1.7-.3.2-.2.3-.5.3-.7s-.1-.5-.3-.7zM5.8 14.7l6.2 6.3 6.2-6.3c.2-.2.3-.5.3-.7s-.1-.5-.3-.7c-.2-.2-.4-.3-.7-.3h-11c-.3 0-.5.1-.7.3-.2.2-.3.5-.3.7s.1.5.3.7z\"\/><\/svg><\/span><\/span><\/span><\/a><\/span><\/div>\n<nav><ul class='ez-toc-list ez-toc-list-level-1' ><li class='ez-toc-page-1 ez-toc-heading-level-1'><a class=\"ez-toc-link ez-toc-heading-1\" href=\"https:\/\/altal.ro\/en\/return-policy\/#Politica_de_returnare_si_rambursare\">Return and refund policy<\/a><ul class='ez-toc-list-level-3' ><li class='ez-toc-heading-level-3'><ul class='ez-toc-list-level-3' ><li class='ez-toc-heading-level-3'><a class=\"ez-toc-link ez-toc-heading-2\" href=\"https:\/\/altal.ro\/en\/return-policy\/#1_Termenul_pentru_returnare\">1. Deadline for return<\/a><\/li><li class='ez-toc-page-1 ez-toc-heading-level-3'><a class=\"ez-toc-link ez-toc-heading-3\" href=\"https:\/\/altal.ro\/en\/return-policy\/#2_Conditii_generale_pentru_returnare\">2. General conditions for returns<\/a><\/li><\/ul><\/li><li class='ez-toc-page-1 ez-toc-heading-level-2'><a class=\"ez-toc-link ez-toc-heading-4\" href=\"https:\/\/altal.ro\/en\/return-policy\/#3_Produse_excluse_din_Politica_de_returnare\">3. Products Excluded from the Return Policy<\/a><ul class='ez-toc-list-level-3' ><li class='ez-toc-heading-level-3'><a class=\"ez-toc-link ez-toc-heading-5\" href=\"https:\/\/altal.ro\/en\/return-policy\/#4_Rambursari_partiale_unde_este_cazul\">4. Partial refunds (where applicable)<\/a><\/li><li class='ez-toc-page-1 ez-toc-heading-level-3'><a class=\"ez-toc-link ez-toc-heading-6\" href=\"https:\/\/altal.ro\/en\/return-policy\/#5_Procedura_de_rambursare\">5. Refund procedure<\/a><\/li><li class='ez-toc-page-1 ez-toc-heading-level-3'><a class=\"ez-toc-link ez-toc-heading-7\" href=\"https:\/\/altal.ro\/en\/return-policy\/#6_Intarzieri_la_rambursare\">6. Refund delays<\/a><\/li><li class='ez-toc-page-1 ez-toc-heading-level-3'><a class=\"ez-toc-link ez-toc-heading-8\" href=\"https:\/\/altal.ro\/en\/return-policy\/#7_Produse_cu_reducere\">7. Discounted products<\/a><\/li><li class='ez-toc-page-1 ez-toc-heading-level-3'><a class=\"ez-toc-link ez-toc-heading-9\" href=\"https:\/\/altal.ro\/en\/return-policy\/#8_Schimburi\">8. Exchanges<\/a><\/li><li class='ez-toc-page-1 ez-toc-heading-level-3'><a class=\"ez-toc-link ez-toc-heading-10\" href=\"https:\/\/altal.ro\/en\/return-policy\/#9_Politica_de_returnare_pentru_cadouri\">9. Return policy for gifts<\/a><\/li><li class='ez-toc-page-1 ez-toc-heading-level-3'><a class=\"ez-toc-link ez-toc-heading-11\" href=\"https:\/\/altal.ro\/en\/return-policy\/#10_Expedierea_produsului_returnat\">10. Shipping the returned product<\/a><\/li><li class='ez-toc-page-1 ez-toc-heading-level-3'><a class=\"ez-toc-link ez-toc-heading-12\" href=\"https:\/\/altal.ro\/en\/return-policy\/#11_Recomandari_pentru_expediere\">11. Shipping recommendations<\/a><\/li><\/ul><\/li><li class='ez-toc-page-1 ez-toc-heading-level-2'><a class=\"ez-toc-link ez-toc-heading-13\" href=\"https:\/\/altal.ro\/en\/return-policy\/#Drepturile_consumatorului_in_Moldova_si_Romania\">Consumer rights in Moldova and Romania<\/a><\/li><li class='ez-toc-page-1 ez-toc-heading-level-2'><a class=\"ez-toc-link ez-toc-heading-14\" href=\"https:\/\/altal.ro\/en\/return-policy\/#_sursa\">| source]<\/a><\/li><li class='ez-toc-page-1 ez-toc-heading-level-2'><a class=\"ez-toc-link ez-toc-heading-15\" href=\"https:\/\/altal.ro\/en\/return-policy\/#Concluzie\">Conclusion<\/a><\/li><\/ul><\/li><\/ul><\/nav><\/div>\n\r\n\r\n\r\n\r\n<h1 class=\"wp-block-heading\" data-start=\"166\" data-end=\"208\"><span class=\"ez-toc-section\" id=\"Politica_de_returnare_si_rambursare\"><\/span><strong data-start=\"169\" data-end=\"208\">Return and refund policy<\/strong><span class=\"ez-toc-section-end\"><\/span><\/h1>\r\n<p data-start=\"210\" data-end=\"448\">Welcome to our dedicated page \u2013 <strong data-start=\"254\" data-end=\"279\">Return policy<\/strong>This page provides you with complete information on how you can return a product, under what conditions a refund is possible and what rights you have as a customer.<\/p>\r\n<h3 data-start=\"450\" data-end=\"482\"><span class=\"ez-toc-section\" id=\"1_Termenul_pentru_returnare\"><\/span>1. Deadline for return<span class=\"ez-toc-section-end\"><\/span><\/h3>\r\n<p data-start=\"484\" data-end=\"712\"><a href=\"https:\/\/ro.wikipedia.org\/wiki\/Politica_de_Returnare_sau_Anulare_a_Serviciilor\" target=\"_blank\" rel=\"noopener\"><strong data-start=\"484\" data-end=\"509\">Return policy<\/strong><\/a> of the company <a href=\"https:\/\/altal.ro\/en\/\">ALTAL<\/a> is valid for <strong data-start=\"550\" data-end=\"579\">30 calendar days<\/strong> from the date of purchase. If more than 30 days have passed, unfortunately we can no longer process the return or refund of the product.<\/p>\r\n<h3 data-start=\"714\" data-end=\"755\"><span class=\"ez-toc-section\" id=\"2_Conditii_generale_pentru_returnare\"><\/span>2. General conditions for returns<span class=\"ez-toc-section-end\"><\/span><\/h3>\r\n<p data-start=\"757\" data-end=\"851\">To be eligible for return, the product must meet the following conditions:<\/p>\r\n<ul data-start=\"853\" data-end=\"1024\">\r\n<li data-start=\"853\" data-end=\"904\">\r\n<p data-start=\"855\" data-end=\"904\">Let it be <strong data-start=\"862\" data-end=\"876\">unused<\/strong> and in <strong data-start=\"883\" data-end=\"903\">original condition<\/strong>;<\/p>\r\n<\/li>\r\n<li data-start=\"905\" data-end=\"958\">\r\n<p data-start=\"907\" data-end=\"958\">To be in <strong data-start=\"917\" data-end=\"939\">original packaging<\/strong>, without damage;<\/p>\r\n<\/li>\r\n<li data-start=\"959\" data-end=\"1024\">\r\n<p data-start=\"961\" data-end=\"1024\">To be accompanied by <strong data-start=\"979\" data-end=\"1000\">proof of purchase<\/strong> (invoice or receipt).<\/p>\r\n<\/li>\r\n<\/ul>\r\n<p data-start=\"1026\" data-end=\"1113\">Conform <strong data-start=\"1034\" data-end=\"1060\">return policy<\/strong>, returning the product is not possible if it:<\/p>\r\n<ul data-start=\"1115\" data-end=\"1311\">\r\n<li data-start=\"1115\" data-end=\"1157\">\r\n<p data-start=\"1117\" data-end=\"1157\">It is perishable (food, flowers, newspapers);<\/p>\r\n<\/li>\r\n<li data-start=\"1158\" data-end=\"1223\">\r\n<p data-start=\"1160\" data-end=\"1223\">It&#039;s about personal hygiene (intimate products, unopened cosmetics);<\/p>\r\n<\/li>\r\n<li data-start=\"1224\" data-end=\"1261\">\r\n<p data-start=\"1226\" data-end=\"1261\">It is flammable (liquids or gases);<\/p>\r\n<\/li>\r\n<li data-start=\"1262\" data-end=\"1311\">\r\n<p data-start=\"1264\" data-end=\"1311\">It is downloadable software or activated license.<\/p>\r\n<\/li>\r\n<\/ul>\r\n<h2 data-start=\"1313\" data-end=\"1361\"><span class=\"ez-toc-section\" id=\"3_Produse_excluse_din_Politica_de_returnare\"><\/span>3. Products Excluded from the Return Policy<span class=\"ez-toc-section-end\"><\/span><\/h2>\r\n<p data-start=\"1363\" data-end=\"1423\"><strong data-start=\"1363\" data-end=\"1388\">Return policy<\/strong> does not apply to the following products:<\/p>\r\n<ul data-start=\"1425\" data-end=\"1616\">\r\n<li data-start=\"1425\" data-end=\"1441\">\r\n<p data-start=\"1427\" data-end=\"1441\">Gift cards;<\/p>\r\n<\/li>\r\n<li data-start=\"1442\" data-end=\"1493\">\r\n<p data-start=\"1444\" data-end=\"1493\">Digital software applications or virtual products;<\/p>\r\n<\/li>\r\n<li data-start=\"1494\" data-end=\"1529\">\r\n<p data-start=\"1496\" data-end=\"1529\">Customized products to order;<\/p>\r\n<\/li>\r\n<li data-start=\"1530\" data-end=\"1616\">\r\n<p data-start=\"1532\" data-end=\"1616\">Unsealed products with clear signs of use (CDs, DVDs, video games, etc.).<\/p>\r\n<\/li>\r\n<\/ul>\r\n<h3 data-start=\"1618\" data-end=\"1662\"><span class=\"ez-toc-section\" id=\"4_Rambursari_partiale_unde_este_cazul\"><\/span>4. Partial refunds (where applicable)<span class=\"ez-toc-section-end\"><\/span><\/h3>\r\n<p data-start=\"1664\" data-end=\"1725\">We can grant <strong data-start=\"1677\" data-end=\"1700\">partial refunds<\/strong> in the following situations:<\/p>\r\n<ul data-start=\"1727\" data-end=\"1889\">\r\n<li data-start=\"1727\" data-end=\"1766\">\r\n<p data-start=\"1729\" data-end=\"1766\">Books with visible signs of use;<\/p>\r\n<\/li>\r\n<li data-start=\"1767\" data-end=\"1812\">\r\n<p data-start=\"1769\" data-end=\"1812\">Incomplete or partially damaged products;<\/p>\r\n<\/li>\r\n<li data-start=\"1813\" data-end=\"1889\">\r\n<p data-start=\"1815\" data-end=\"1889\">Return requested after the expiration of 30 days, but within reasonable limits.<\/p>\r\n<\/li>\r\n<\/ul>\r\n<h3 data-start=\"1891\" data-end=\"1921\"><span class=\"ez-toc-section\" id=\"5_Procedura_de_rambursare\"><\/span>5. Refund procedure<span class=\"ez-toc-section-end\"><\/span><\/h3>\r\n<p data-start=\"1923\" data-end=\"2073\">After receiving and checking the returned product, you will receive a notification email. We will decide whether <strong data-start=\"2030\" data-end=\"2045\">reimbursement<\/strong> is approved or rejected.<\/p>\r\n<p data-start=\"2075\" data-end=\"2094\">If approved:<\/p>\r\n<ul data-start=\"2096\" data-end=\"2240\">\r\n<li data-start=\"2096\" data-end=\"2163\">\r\n<p data-start=\"2098\" data-end=\"2163\">The refund will be processed within <strong data-start=\"2139\" data-end=\"2162\">3\u20137 business days<\/strong>;<\/p>\r\n<\/li>\r\n<li data-start=\"2164\" data-end=\"2240\">\r\n<p data-start=\"2166\" data-end=\"2240\">The amount will be refunded to your bank account, card or original payment method.<\/p>\r\n<\/li>\r\n<\/ul>\r\n<h3 data-start=\"2242\" data-end=\"2273\"><span class=\"ez-toc-section\" id=\"6_Intarzieri_la_rambursare\"><\/span>6. Refund delays<span class=\"ez-toc-section-end\"><\/span><\/h3>\r\n<p data-start=\"2275\" data-end=\"2310\">If you have not received your refund:<\/p>\r\n<ol data-start=\"2312\" data-end=\"2443\">\r\n<li data-start=\"2312\" data-end=\"2348\">\r\n<p data-start=\"2315\" data-end=\"2348\">Check your bank account again;<\/p>\r\n<\/li>\r\n<li data-start=\"2349\" data-end=\"2389\">\r\n<p data-start=\"2352\" data-end=\"2389\">Contact the card issuing bank;<\/p>\r\n<\/li>\r\n<li data-start=\"2390\" data-end=\"2443\">\r\n<p data-start=\"2393\" data-end=\"2443\">Please allow an additional 24\u201348 hours for processing.<\/p>\r\n<\/li>\r\n<\/ol>\r\n<p data-start=\"2445\" data-end=\"2570\">If all these steps are completed and the amount has not been refunded, please contact us at <strong data-start=\"2552\" data-end=\"2569\"><a class=\"cursor-pointer\" rel=\"noopener\" data-start=\"2554\" data-end=\"2567\">info@altal.ro<\/a><\/strong>.<\/p>\r\n<h3 data-start=\"2572\" data-end=\"2598\"><span class=\"ez-toc-section\" id=\"7_Produse_cu_reducere\"><\/span>7. Discounted products<span class=\"ez-toc-section-end\"><\/span><\/h3>\r\n<p data-start=\"2600\" data-end=\"2784\">Conform <strong data-start=\"2608\" data-end=\"2634\">return policy<\/strong>, only products purchased at <strong data-start=\"2668\" data-end=\"2683\">full price<\/strong> can be refunded. Products on sale or at a discount are not eligible for refund.<\/p>\r\n<h3 data-start=\"2786\" data-end=\"2802\"><span class=\"ez-toc-section\" id=\"8_Schimburi\"><\/span>8. Exchanges<span class=\"ez-toc-section-end\"><\/span><\/h3>\r\n<p data-start=\"2804\" data-end=\"2926\">accepted <strong data-start=\"2813\" data-end=\"2837\">product exchanges<\/strong> only if they are defective or damaged. For exchange requests:<\/p>\r\n<ul data-start=\"2928\" data-end=\"3043\">\r\n<li data-start=\"2928\" data-end=\"2970\">\r\n<p data-start=\"2930\" data-end=\"2970\">Send an email to <strong data-start=\"2952\" data-end=\"2969\"><a class=\"cursor-pointer\" rel=\"noopener\" data-start=\"2954\" data-end=\"2967\">info@altal.ro<\/a><\/strong>;<\/p>\r\n<\/li>\r\n<li data-start=\"2971\" data-end=\"3043\">\r\n<p data-start=\"2973\" data-end=\"3043\">Ship the product to the physical address indicated on the invoice or in the email.<\/p>\r\n<\/li>\r\n<\/ul>\r\n<p data-start=\"3045\" data-end=\"3117\">Exchanges are only made with the same model (if available in stock).<\/p>\r\n<h3 data-start=\"3119\" data-end=\"3162\"><span class=\"ez-toc-section\" id=\"9_Politica_de_returnare_pentru_cadouri\"><\/span>9. Return policy for gifts<span class=\"ez-toc-section-end\"><\/span><\/h3>\r\n<p data-start=\"3164\" data-end=\"3383\">If the product has been marked as &#034;<strong data-start=\"3196\" data-end=\"3205\">gift<\/strong>\u201d and delivered directly to you, you will receive a <strong data-start=\"3250\" data-end=\"3266\">gift credit<\/strong> for the return value. If it was not marked as a gift, <strong data-start=\"3333\" data-end=\"3382\">the refund is made to the original payer<\/strong>.<\/p>\r\n<h3 data-start=\"3385\" data-end=\"3423\"><span class=\"ez-toc-section\" id=\"10_Expedierea_produsului_returnat\"><\/span>10. Shipping the returned product<span class=\"ez-toc-section-end\"><\/span><\/h3>\r\n<p data-start=\"3425\" data-end=\"3521\">Products must be returned to the following address:<br data-start=\"3474\" data-end=\"3477\" \/>\ud83d\udccd <strong data-start=\"3480\" data-end=\"3521\">75 Alba Iulia Street, Chisinau, Moldova<\/strong><\/p>\r\n<p data-start=\"3523\" data-end=\"3725\">Conform <strong data-start=\"3531\" data-end=\"3557\">return policy<\/strong>, the customer bears the shipping costs.<br data-start=\"3599\" data-end=\"3602\" \/>Delivery costs <strong data-start=\"3623\" data-end=\"3647\">are not refundable<\/strong>If you receive the refund, the delivery fee will be <strong data-start=\"3697\" data-end=\"3708\">low<\/strong> of the final amount.<\/p>\r\n<h3 data-start=\"3727\" data-end=\"3763\"><span class=\"ez-toc-section\" id=\"11_Recomandari_pentru_expediere\"><\/span>11. Shipping recommendations<span class=\"ez-toc-section-end\"><\/span><\/h3>\r\n<p data-start=\"3765\" data-end=\"3808\">For more expensive products, we recommend:<\/p>\r\n<ul data-start=\"3810\" data-end=\"3929\">\r\n<li data-start=\"3810\" data-end=\"3875\">\r\n<p data-start=\"3812\" data-end=\"3875\">Using a courier service with <strong data-start=\"3851\" data-end=\"3874\">tracking<\/strong>;<\/p>\r\n<\/li>\r\n<li data-start=\"3876\" data-end=\"3929\">\r\n<p data-start=\"3878\" data-end=\"3929\">Choosing an option <strong data-start=\"3903\" data-end=\"3928\">package insurance<\/strong>.<\/p>\r\n<\/li>\r\n<\/ul>\r\n<p data-start=\"3931\" data-end=\"4027\">We cannot guarantee receipt of the returned product if the shipment is not properly documented.<\/p>\r\n<div class=\"mw-heading mw-heading2\">\r\n<h2 id=\"Drepturile_consumatorului_\u00een_Rom\u00e2nia\"><span class=\"ez-toc-section\" id=\"Drepturile_consumatorului_in_Moldova_si_Romania\"><\/span>Consumer rights in Moldova and Romania<span class=\"ez-toc-section-end\"><\/span><\/h2>\r\n<h2><span class=\"ez-toc-section\" id=\"_sursa\"><\/span><span class=\"mw-editsection-divider\" style=\"font-family: 'Open Sans', sans-serif; font-size: 16px; font-weight: normal;\">|\u00a0<\/span><a style=\"font-family: &#039;Open Sans&#039;, sans-serif; font-size: 16px; font-weight: normal;\" title=\"Edit section&#039;s source code: Drepturile consumatorului \u00een Rom\u00e2nia\" href=\"https:\/\/ro.wikipedia.org\/w\/index.php?title=Politica_de_Returnare_sau_Anulare_a_Serviciilor&amp;action=edit&amp;section=3\" target=\"_blank\" rel=\"noopener\">source<\/a><span class=\"mw-editsection-bracket\" style=\"font-family: 'Open Sans', sans-serif; font-size: 16px; font-weight: normal;\">]<\/span><span class=\"ez-toc-section-end\"><\/span><\/h2>\r\n<\/div>\r\n<p>In Moldova and Romania, the consumer has the right to withdraw from the contract within 14 days without giving any reason and without incurring any costs other than the direct costs of returning the products, according to:<\/p>\r\n<ul>\r\n<li><strong>Romania<\/strong>: Government Emergency Ordinance No. 34\/2014.<\/li>\r\n<li><strong>Moldavia.<\/strong>: In accordance with Republic Law\u00a0<b>Moldavia.<\/b>\u00a0No. 105-XV of 13.03.2003 &#034;On consumer protection&#034;<\/li>\r\n<\/ul>\r\n<p>For services purchased online or at a distance, the withdrawal period starts from the conclusion of the contract. If the consumer withdraws from the contract, the trader must reimburse all amounts paid by the consumer, including delivery costs, without undue delay and in any event not later than 14 days from the date on which he was informed of the consumer&#039;s decision to withdraw from the contract.<\/p>\r\n<hr data-start=\"4029\" data-end=\"4032\" \/>\r\n<h2 data-start=\"4034\" data-end=\"4046\"><span class=\"ez-toc-section\" id=\"Concluzie\"><\/span>Conclusion<span class=\"ez-toc-section-end\"><\/span><\/h2>\r\n<p data-start=\"4048\" data-end=\"4374\">This <strong data-start=\"4056\" data-end=\"4081\">Return policy<\/strong> was created to ensure transparency and protection for all our customers.<br data-start=\"4167\" data-end=\"4170\" \/>If you have any additional questions or need clarification, do not hesitate to contact us by email or phone.<br data-start=\"4288\" data-end=\"4291\" \/>Adhering to this policy helps us provide a professional and fair service.<\/p>\r\n<hr \/>\r\n<p>&nbsp;<\/p>","protected":false},"excerpt":{"rendered":"<p>Politica de returnare \u0219i rambursare Bine a\u021bi venit \u00een pagina noastr\u0103 dedicat\u0103 \u2013 Politica de returnare. Aceast\u0103 pagin\u0103 v\u0103 ofer\u0103 informa\u021biile complete despre cum pute\u021bi returna un produs, \u00een ce condi\u021bii este posibil\u0103 rambursarea \u0219i ce drepturi ave\u021bi \u00een calitate de client. 1. Termenul pentru returnare Politica de returnare a companiei ALTAL este valabil\u0103 timp&#8230;<\/p>","protected":false},"author":1,"featured_media":4745,"parent":0,"menu_order":0,"comment_status":"closed","ping_status":"closed","template":"","meta":{"_acf_changed":false,"_kad_post_transparent":"default","_kad_post_title":"default","_kad_post_layout":"default","_kad_post_sidebar_id":"","_kad_post_content_style":"default","_kad_post_vertical_padding":"default","_kad_post_feature":"","_kad_post_feature_position":"","_kad_post_header":false,"_kad_post_footer":false,"footnotes":""},"class_list":["post-11","page","type-page","status-publish","has-post-thumbnail","hentry"],"acf":[],"_links":{"self":[{"href":"https:\/\/altal.ro\/en\/wp-json\/wp\/v2\/pages\/11","targetHints":{"allow":["GET"]}}],"collection":[{"href":"https:\/\/altal.ro\/en\/wp-json\/wp\/v2\/pages"}],"about":[{"href":"https:\/\/altal.ro\/en\/wp-json\/wp\/v2\/types\/page"}],"author":[{"embeddable":true,"href":"https:\/\/altal.ro\/en\/wp-json\/wp\/v2\/users\/1"}],"replies":[{"embeddable":true,"href":"https:\/\/altal.ro\/en\/wp-json\/wp\/v2\/comments?post=11"}],"version-history":[{"count":1,"href":"https:\/\/altal.ro\/en\/wp-json\/wp\/v2\/pages\/11\/revisions"}],"predecessor-version":[{"id":6929,"href":"https:\/\/altal.ro\/en\/wp-json\/wp\/v2\/pages\/11\/revisions\/6929"}],"wp:featuredmedia":[{"embeddable":true,"href":"https:\/\/altal.ro\/en\/wp-json\/wp\/v2\/media\/4745"}],"wp:attachment":[{"href":"https:\/\/altal.ro\/en\/wp-json\/wp\/v2\/media?parent=11"}],"curies":[{"name":"wp","href":"https:\/\/api.w.org\/{rel}","templated":true}]}}